{"id":879,"date":"2025-04-11T10:52:23","date_gmt":"2025-04-11T08:52:23","guid":{"rendered":"https:\/\/lungenchirurgie.at\/oa-dr-benej-phd\/"},"modified":"2025-05-22T11:52:33","modified_gmt":"2025-05-22T09:52:33","slug":"benej","status":"publish","type":"page","link":"https:\/\/lungenchirurgie.at\/sk\/benej\/","title":{"rendered":"OA Dr. Benej, PhD"},"content":{"rendered":"\n<style type=\"text\/css\" data-created_by=\"avia_inline_auto\" id=\"style-css-av-ko30d0j0-afa2aece5f78ea387d95c7dbb8f41246\">\n.avia-section.av-ko30d0j0-afa2aece5f78ea387d95c7dbb8f41246{\nbackground-repeat:no-repeat;\nbackground-image:url(https:\/\/lungenchirurgie.at\/wp-content\/uploads\/sites\/18\/2025\/04\/lungenchirurgie-background.webp);\nbackground-position:50% 50%;\nbackground-attachment:fixed;\nmargin-top:0px;\nmargin-bottom:0px;\n}\n<\/style>\n<div id='av_section_1'  class='avia-section av-ko30d0j0-afa2aece5f78ea387d95c7dbb8f41246 main_color avia-section-large avia-no-border-styling  avia-builder-el-0  avia-builder-el-no-sibling  avia-full-stretch avia-bg-style-fixed container_wrap fullsize'  data-section-bg-repeat='stretch'><div class='container av-section-cont-open' ><main  role=\"main\" itemprop=\"mainContentOfPage\"  class='template-page content  av-content-full alpha units'><div class='post-entry post-entry-type-page post-entry-879'><div class='entry-content-wrapper clearfix'>\n<div  class='flex_column av-mrb0v-4e3fe3dd46b410f605baf63500959ee1 av_two_fifth  avia-builder-el-1  el_before_av_three_fifth  avia-builder-el-first  first flex_column_div  '     ><style type=\"text\/css\" data-created_by=\"avia_inline_auto\" id=\"style-css-av-m9cjczrq-bd07c6fa438ba88a051a67bdccc5c646\">\n.avia-image-container.av-m9cjczrq-bd07c6fa438ba88a051a67bdccc5c646 img.avia_image{\nbox-shadow:none;\n}\n.avia-image-container.av-m9cjczrq-bd07c6fa438ba88a051a67bdccc5c646 .av-image-caption-overlay-center{\ncolor:#ffffff;\n}\n<\/style>\n<div  class='avia-image-container av-m9cjczrq-bd07c6fa438ba88a051a67bdccc5c646 av-styling- avia-align-center  avia-builder-el-2  avia-builder-el-no-sibling '   itemprop=\"image\" itemscope=\"itemscope\" itemtype=\"https:\/\/schema.org\/ImageObject\" ><div class=\"avia-image-container-inner\"><div class=\"avia-image-overlay-wrap\"><img decoding=\"async\" fetchpriority=\"high\" class='wp-image-808 avia-img-lazy-loading-not-808 avia_image ' src=\"https:\/\/lungenchirurgie.at\/wp-content\/uploads\/sites\/18\/2025\/04\/dr-michael-benej-op-kleidung.webp\" alt='' title='Dr Michael Benej'  height=\"666\" width=\"600\"  itemprop=\"thumbnailUrl\" srcset=\"https:\/\/lungenchirurgie.at\/wp-content\/uploads\/sites\/18\/2025\/04\/dr-michael-benej-op-kleidung.webp 600w, https:\/\/lungenchirurgie.at\/wp-content\/uploads\/sites\/18\/2025\/04\/dr-michael-benej-op-kleidung-270x300.webp 270w\" sizes=\"(max-width: 600px) 100vw, 600px\" \/><\/div><\/div><\/div><\/div>\n<style type=\"text\/css\" data-created_by=\"avia_inline_auto\" id=\"style-css-av-26v8di-ff1d533c623b7f7270b0d7a93aa1f3aa\">\n.flex_column.av-26v8di-ff1d533c623b7f7270b0d7a93aa1f3aa{\nborder-radius:0px 0px 0px 0px;\npadding:40px 20px 40px 20px;\nbackground-color:#ffffff;\n}\n<\/style>\n<div  class='flex_column av-26v8di-ff1d533c623b7f7270b0d7a93aa1f3aa av_three_fifth  avia-builder-el-3  el_after_av_two_fifth  avia-builder-el-last  flex_column_div  '     ><p><section  class='av_textblock_section av-m9clvcve-85c3d7d97b0dcc2fdc29665155c17a3b '   itemscope=\"itemscope\" itemtype=\"https:\/\/schema.org\/CreativeWork\" ><div class='avia_textblock'  itemprop=\"text\" ><p><strong>\u017dIVOTOPIS<\/strong><\/p>\n<\/div><\/section><br \/>\n\n<style type=\"text\/css\" data-created_by=\"avia_inline_auto\" id=\"style-css-av-fwfof-6614e025a99c259d45f98d56a3b8d5dc\">\n#top .av-special-heading.av-fwfof-6614e025a99c259d45f98d56a3b8d5dc{\nmargin:15px 0 0 0;\npadding-bottom:25px;\n}\nbody .av-special-heading.av-fwfof-6614e025a99c259d45f98d56a3b8d5dc .av-special-heading-tag .heading-char{\nfont-size:25px;\n}\n.av-special-heading.av-fwfof-6614e025a99c259d45f98d56a3b8d5dc .av-subheading{\nfont-size:15px;\n}\n<\/style>\n<div  class='av-special-heading av-fwfof-6614e025a99c259d45f98d56a3b8d5dc av-special-heading-h1 blockquote modern-quote  avia-builder-el-5  el_after_av_textblock  el_before_av_textblock '><h1 class='av-special-heading-tag '  itemprop=\"headline\"  >OA Dr. Michal Benej, PhD<\/h1><div class=\"special-heading-border\"><div class=\"special-heading-inner-border\"><\/div><\/div><\/div><br \/>\n<section  class='av_textblock_section av-vv13-32a589a2af5ef139809113d942678527 '   itemscope=\"itemscope\" itemtype=\"https:\/\/schema.org\/CreativeWork\" ><div class='avia_textblock'  itemprop=\"text\" ><ul>\n<li>Autor a spoluautor viac ako 30 publik\u00e1ci\u00ed a vedeck\u00fdch pr\u00e1c v medzin\u00e1rodn\u00fdch odborn\u00fdch \u010dasopisoch<\/li>\n<li>Po\u010detn\u00e9 predn\u00e1\u0161ky na n\u00e1rodn\u00fdch a medzin\u00e1rodn\u00fdch odborn\u00fdch kongresoch<\/li>\n<li>\u010clen viacer\u00fdch n\u00e1rodn\u00fdch a medzin\u00e1rodn\u00fdch odborn\u00fdch spolo\u010dnost\u00ed<\/li>\n<li>\u017denat\u00fd, otec dvoch dc\u00e9r<\/li>\n<\/ul>\n<\/div><\/section><br \/>\n<div  id=\"avia-timeline-1\"  class='avia-timeline-container av-1uxu1i-43722f5f8019b32b20cc2fc7acb7a110 av-slideshow-ui  avia-builder-el-7  el_after_av_textblock  el_before_av_heading ' ><ul class='avia-timeline avia-timeline-vertical av-milestone-placement-left avia-timeline- avia_animate_when_almost_visible avia-timeline-animate'>\n<li  class='av-milestone av-1phcqm-01f3bcb082e86d118c6d2eae564c7f43 av-animated-generic fade-in av-milestone-valign-middle av-milestone-odd'><h2 class='av-milestone-date ' id='milestone-od-roku-2020' ><strong>od roku 2020<span class='av-milestone-indicator'><\/span><\/strong><\/h2><div class=\"av-milestone-icon-wrap\"><span class='av-milestone-icon milestone_icon avia-font-entypo-fontello'><span class='av-milestone-icon-inner milestone_inner'><i class='milestone-char avia-iconfont avia-font-entypo-fontello' data-av_icon='\ue812' data-av_iconfont='entypo-fontello' ><\/i><\/span><\/span><\/div><article class='av-milestone-content-wrap'><div class='av-milestone-contentbox'><header class=\"entry-content-header\" aria-label=\"Milestone: Klinika Floridsdorf Viede\u0148, Hrudn\u00e9 centrum\"><h4 class='av-milestone-title '>Klinika Floridsdorf Viede\u0148, Hrudn\u00e9 centrum<\/h4><\/header><div class='av-milestone-content'><p><strong>\u0160pecialista v odbore hrudnej chirurgie<\/strong><br \/>\n\u0160pecializ\u00e1cia na torak\u00e1lnu onkol\u00f3giu<br \/>\n\u010clen interdisciplin\u00e1rneho tumorov\u00e9ho boardu<\/p>\n<p>Klinick\u00e9 zameranie:<\/p>\n<ul>\n<li>Diagnostika a lie\u010dba mediastin\u00e1lnych l\u00e9zi\u00ed (mediastina) \u2013 najm\u00e4 tym\u00f3mov<\/li>\n<li>Lie\u010dba palm\u00e1rneho hyperhidr\u00f3zy<\/li>\n<\/ul>\n<\/div><\/div><footer class='av-milestone-article-footer entry-footer'><\/footer><\/article><\/li>\n<li  class='av-milestone av-1l36am-d78ad58ada111d402892ea8eafde3f78 av-animated-generic fade-in av-milestone-valign-middle av-milestone-even'><h2 class='av-milestone-date ' id='milestone-2011-2020' ><strong>2011-2020<span class='av-milestone-indicator'><\/span><\/strong><\/h2><div class=\"av-milestone-icon-wrap\"><span class='av-milestone-icon milestone_icon avia-font-entypo-fontello'><span class='av-milestone-icon-inner milestone_inner'><i class='milestone-char avia-iconfont avia-font-entypo-fontello' data-av_icon='\ue812' data-av_iconfont='entypo-fontello' ><\/i><\/span><\/span><\/div><article class='av-milestone-content-wrap'><div class='av-milestone-contentbox'><div class='av-milestone-content'><p>Chirurgick\u00e1 klinika, Lek\u00e1rska fakulta, Masarykova univerzita aFakultn\u00e1 nemocnica sv. Anny, Brno, \u010cesk\u00e1 republika<\/p>\n<\/div><\/div><footer class='av-milestone-article-footer entry-footer'><\/footer><\/article><\/li>\n<li  class='av-milestone av-1d7bxi-e2c341e6300c1a824f472723ee1f113b av-animated-generic fade-in av-milestone-valign-middle av-milestone-odd'><h2 class='av-milestone-date ' id='milestone-2018' ><strong>2018<span class='av-milestone-indicator'><\/span><\/strong><\/h2><div class=\"av-milestone-icon-wrap\"><span class='av-milestone-icon milestone_icon avia-font-entypo-fontello'><span class='av-milestone-icon-inner milestone_inner'><i class='milestone-char avia-iconfont avia-font-entypo-fontello' data-av_icon='\ue812' data-av_iconfont='entypo-fontello' ><\/i><\/span><\/span><\/div><article class='av-milestone-content-wrap'><div class='av-milestone-contentbox'><header class=\"entry-content-header\" aria-label=\"Milestone: \u0160pecialista na hrudn\u00fa chirurgiu\"><h4 class='av-milestone-title '>\u0160pecialista na hrudn\u00fa chirurgiu<\/h4><\/header><div class='av-milestone-content'><\/div><\/div><footer class='av-milestone-article-footer entry-footer'><\/footer><\/article><\/li>\n<li  class='av-milestone av-155q06-1-43c65154d697505e1d9e28d36e0b30b6 av-animated-generic fade-in av-milestone-valign-middle av-milestone-even'><h2 class='av-milestone-date ' id='milestone-2017' ><strong>2017<span class='av-milestone-indicator'><\/span><\/strong><\/h2><div class=\"av-milestone-icon-wrap\"><span class='av-milestone-icon milestone_icon avia-font-entypo-fontello'><span class='av-milestone-icon-inner milestone_inner'><i class='milestone-char avia-iconfont avia-font-entypo-fontello' data-av_icon='\ue812' data-av_iconfont='entypo-fontello' ><\/i><\/span><\/span><\/div><article class='av-milestone-content-wrap'><div class='av-milestone-contentbox'><header class=\"entry-content-header\" aria-label=\"Milestone: Titul PhD v medic\u00ednskych ved\u00e1ch\"><h4 class='av-milestone-title '>Titul PhD v medic\u00ednskych ved\u00e1ch<\/h4><\/header><div class='av-milestone-content'><p>Ukon\u010denie doktorandsk\u00e9ho \u0161t\u00fadia<\/p>\n<\/div><\/div><footer class='av-milestone-article-footer entry-footer'><\/footer><\/article><\/li>\n<li  class='av-milestone av-155q06-1-5-ee577f0c004c0867093767f2890ac89e av-animated-generic fade-in av-milestone-valign-middle av-milestone-odd'><h2 class='av-milestone-date ' id='milestone-2011' ><strong>2011<span class='av-milestone-indicator'><\/span><\/strong><\/h2><div class=\"av-milestone-icon-wrap\"><span class='av-milestone-icon milestone_icon avia-font-entypo-fontello'><span class='av-milestone-icon-inner milestone_inner'><i class='milestone-char avia-iconfont avia-font-entypo-fontello' data-av_icon='\ue812' data-av_iconfont='entypo-fontello' ><\/i><\/span><\/span><\/div><article class='av-milestone-content-wrap'><div class='av-milestone-contentbox'><header class=\"entry-content-header\" aria-label=\"Milestone: Ukon\u010denie \u0161t\u00fadia medic\u00edny\"><h4 class='av-milestone-title '>Ukon\u010denie \u0161t\u00fadia medic\u00edny<\/h4><\/header><div class='av-milestone-content'><p>Titul MUDr. (doktor v\u0161eobecn\u00e9ho lek\u00e1rstva) na Lek\u00e1rskej fakulte Univerzity Komensk\u00e9ho v Bratislave<\/p>\n<\/div><\/div><footer class='av-milestone-article-footer entry-footer'><\/footer><\/article><\/li>\n<li  class='av-milestone av-155q06-1-4-e9e3f03509bbf47f5262cabfddf714b3 av-animated-generic fade-in av-milestone-valign-middle av-milestone-even'><h2 class='av-milestone-date ' id='milestone-' aria-hidden='true' tabindex='-1'><strong><span class='av-milestone-indicator'><\/span><\/strong><\/h2><div class=\"av-milestone-icon-wrap\"><span class='av-milestone-icon milestone_icon avia-font-entypo-fontello'><span class='av-milestone-icon-inner milestone_inner'><i class='milestone-char avia-iconfont avia-font-entypo-fontello' data-av_icon='\ue812' data-av_iconfont='entypo-fontello' ><\/i><\/span><\/span><\/div><article class='av-milestone-content-wrap'><div class='av-milestone-contentbox'><header class=\"entry-content-header\" aria-label=\"Milestone: Gymn\u00e1zium\"><h4 class='av-milestone-title '>Gymn\u00e1zium<\/h4><\/header><div class='av-milestone-content'><p>V Bratislave<\/p>\n<\/div><\/div><footer class='av-milestone-article-footer entry-footer'><\/footer><\/article><\/li>\n<\/ul><\/div><br \/>\n\n<style type=\"text\/css\" data-created_by=\"avia_inline_auto\" id=\"style-css-av-koinkiyl-607ee97559bd94b9e2aeffc7a0512dec\">\n#top .av-special-heading.av-koinkiyl-607ee97559bd94b9e2aeffc7a0512dec{\npadding-bottom:10px;\n}\nbody .av-special-heading.av-koinkiyl-607ee97559bd94b9e2aeffc7a0512dec .av-special-heading-tag .heading-char{\nfont-size:25px;\n}\n.av-special-heading.av-koinkiyl-607ee97559bd94b9e2aeffc7a0512dec .av-subheading{\nfont-size:15px;\n}\n<\/style>\n<div  class='av-special-heading av-koinkiyl-607ee97559bd94b9e2aeffc7a0512dec av-special-heading-h1 blockquote modern-quote  avia-builder-el-8  el_after_av_timeline  el_before_av_textblock '><h1 class='av-special-heading-tag '  itemprop=\"headline\"  >Najd\u00f4le\u017eitej\u0161ie publik\u00e1cie z posledn\u00fdch rokov:<\/h1><div class=\"special-heading-border\"><div class=\"special-heading-inner-border\"><\/div><\/div><\/div><br \/>\n<section  class='av_textblock_section av-koinnzht-c4c98e5cfdd5c40d4e95a7b613f87158 '   itemscope=\"itemscope\" itemtype=\"https:\/\/schema.org\/CreativeWork\" ><div class='avia_textblock'  itemprop=\"text\" ><ol>\n<li>Ay L, Steiner D, Fabikan H, Illini O, Krenbek D, Klikovits T, Benej M, Kirchbacher K, Watzka S, Valipour A, Hochmair M. Neoadjuvant therapy in early-stage non-small cell lung cancer: A real-world analysis. Lung Cancer. 2024 Dec;198:107997. doi: 10.1016\/j.lungcan.2024.107997. Epub 2024 Oct 24. PMID: 39486111.    <\/li>\n<li>Benej M, Klikovits T, Krajc T, Bohanes T, Schulte L, Hochmair MJ, Watzka S, Mosleh B, Hoetzenecker K, Aigner C, Hoda MA, Mueller MR. Lymph Node Log-Odds Ratio Accurately Defines Prognosis in Resectable Non-Small Cell Lung Cancer. Cancers (Basel). 2023 Mar 31;15(7):2082. doi: 10.3390\/cancers15072082. PMID: 37046743; PMCID: PMC10093675.    <\/li>\n<li>Tisza A, Klikovits T, Benej M, Torok S, Szeitz B, Valko Z, Hoda MA, Hegedus B, Bonta M, Nischkauer W, Hoetzenecker K, Limbeck A, Schelch K, Laszlo V, Megyesfalvi Z, Dome B. Laser ablation-inductively coupled plasma-mass spectrometry analysis reveals differences in chemotherapeutic drug distribution in surgically resected pleural mesothelioma. Br J Clin Pharmacol. 2023 Nov;89(11):3364-3374. doi: 10.1111\/bcp.15813. Epub 2023 Jul 14. PMID: 37272312; PMCID: PMC10952999.    <\/li>\n<li>Illini O, Benej M, Lang-St\u00f6berl AS, Fabikan H, Brcic L, Sucher F, Krenbek D, Krajc T, Weinlinger C, Hochmair MJ, Valipour A, Klikovits T, Watzka S. Prognostic Value of PD-L1, BAP-1 and ILK in Pleural Mesothelioma. J Clin Med. 2024 Dec 2;13(23):7322. doi: 10.3390\/jcm13237322. PMID: 39685780; PMCID: PMC11641944.   <\/li>\n<li>Benej M, Klikovits T, Krajc T, Watzka S, Hochmair M, Krenbek D, Aigner C. Resection of a giant mediastinal liposarcoma by median sternotomy with vascular reconstruction-a case report. Mediastinum. 2023 Aug 10;7:39. doi: 10.21037\/med-23-20. PMID: 38090031; PMCID: PMC10713235.   <\/li>\n<\/ol>\n<\/div><\/section><\/p><\/div>\n","protected":false},"excerpt":{"rendered":"","protected":false},"author":3,"featured_media":782,"parent":0,"menu_order":0,"comment_status":"closed","ping_status":"closed","template":"","meta":{"footnotes":""},"class_list":["post-879","page","type-page","status-publish","has-post-thumbnail","hentry"],"_links":{"self":[{"href":"https:\/\/lungenchirurgie.at\/sk\/wp-json\/wp\/v2\/pages\/879","targetHints":{"allow":["GET"]}}],"collection":[{"href":"https:\/\/lungenchirurgie.at\/sk\/wp-json\/wp\/v2\/pages"}],"about":[{"href":"https:\/\/lungenchirurgie.at\/sk\/wp-json\/wp\/v2\/types\/page"}],"author":[{"embeddable":true,"href":"https:\/\/lungenchirurgie.at\/sk\/wp-json\/wp\/v2\/users\/3"}],"replies":[{"embeddable":true,"href":"https:\/\/lungenchirurgie.at\/sk\/wp-json\/wp\/v2\/comments?post=879"}],"version-history":[{"count":3,"href":"https:\/\/lungenchirurgie.at\/sk\/wp-json\/wp\/v2\/pages\/879\/revisions"}],"predecessor-version":[{"id":886,"href":"https:\/\/lungenchirurgie.at\/sk\/wp-json\/wp\/v2\/pages\/879\/revisions\/886"}],"wp:featuredmedia":[{"embeddable":true,"href":"https:\/\/lungenchirurgie.at\/sk\/wp-json\/wp\/v2\/media\/782"}],"wp:attachment":[{"href":"https:\/\/lungenchirurgie.at\/sk\/wp-json\/wp\/v2\/media?parent=879"}],"curies":[{"name":"wp","href":"https:\/\/api.w.org\/{rel}","templated":true}]}}