{"id":864,"date":"2021-04-28T11:39:22","date_gmt":"2021-04-28T09:39:22","guid":{"rendered":"https:\/\/lungenchirurgie.at\/sluzby\/"},"modified":"2025-05-22T11:18:07","modified_gmt":"2025-05-22T09:18:07","slug":"sluzby","status":"publish","type":"page","link":"https:\/\/lungenchirurgie.at\/sk\/sluzby\/","title":{"rendered":"Slu\u017eby"},"content":{"rendered":"\n<style type=\"text\/css\" data-created_by=\"avia_inline_auto\" id=\"style-css-av-ko419s3u-37e27b7b48e948f4bce94b1b9e1c0f12\">\n.avia-section.av-ko419s3u-37e27b7b48e948f4bce94b1b9e1c0f12 .av-parallax .av-parallax-inner{\nbackground-repeat:no-repeat;\nbackground-image:url(https:\/\/lungenchirurgie.at\/wp-content\/uploads\/sites\/18\/2021\/04\/leistungen_background1-1.jpg);\nbackground-position:50% 50%;\nbackground-attachment:scroll;\n}\n<\/style>\n<div id='av_section_1'  class='avia-section av-ko419s3u-37e27b7b48e948f4bce94b1b9e1c0f12 main_color avia-section-default avia-no-border-styling  avia-builder-el-0  el_before_av_heading  avia-builder-el-first  av-parallax-section avia-bg-style-parallax av-minimum-height av-minimum-height-40 av-height-percent  container_wrap fullsize'  data-section-bg-repeat='no-repeat' data-av_minimum_height_pc='40' data-av_min_height_opt='percent'><div class='av-parallax' data-avia-parallax-ratio='0.3' ><div class='av-parallax-inner main_color avia-full-stretch'><\/div><\/div><div class='container av-section-cont-open' ><main  role=\"main\" itemprop=\"mainContentOfPage\"  class='template-page content  av-content-full alpha units'><div class='post-entry post-entry-type-page post-entry-864'><div class='entry-content-wrapper clearfix'><\/div><\/div><\/main><!-- close content main element --><\/div><\/div><div id='after_section_1'  class='main_color av_default_container_wrap container_wrap fullsize'  ><div class='container av-section-cont-open' ><div class='template-page content  av-content-full alpha units'><div class='post-entry post-entry-type-page post-entry-864'><div class='entry-content-wrapper clearfix'>\n\n<style type=\"text\/css\" data-created_by=\"avia_inline_auto\" id=\"style-css-av-kohktcu1-7468b40c60e972b68d5d38866c5740d4\">\n#top .av-special-heading.av-kohktcu1-7468b40c60e972b68d5d38866c5740d4{\npadding-bottom:10px;\n}\nbody .av-special-heading.av-kohktcu1-7468b40c60e972b68d5d38866c5740d4 .av-special-heading-tag .heading-char{\nfont-size:25px;\n}\n.av-special-heading.av-kohktcu1-7468b40c60e972b68d5d38866c5740d4 .av-subheading{\nfont-size:15px;\n}\n<\/style>\n<div  class='av-special-heading av-kohktcu1-7468b40c60e972b68d5d38866c5740d4 av-special-heading-h1 blockquote modern-quote  avia-builder-el-1  el_after_av_section  el_before_av_hr  avia-builder-el-first '><h1 class='av-special-heading-tag '  itemprop=\"headline\"  >N\u00c1\u0160 SORTIMENT<\/h1><div class=\"special-heading-border\"><div class=\"special-heading-inner-border\"><\/div><\/div><\/div>\n\n<style type=\"text\/css\" data-created_by=\"avia_inline_auto\" id=\"style-css-av-kovtp3ex-6e807559c54f69501a9c5ba600ba00b0\">\n#top .hr.hr-invisible.av-kovtp3ex-6e807559c54f69501a9c5ba600ba00b0{\nheight:50px;\n}\n<\/style>\n<div  class='hr av-kovtp3ex-6e807559c54f69501a9c5ba600ba00b0 hr-invisible  avia-builder-el-2  el_after_av_heading  el_before_av_one_third '><span class='hr-inner '><span class=\"hr-inner-style\"><\/span><\/span><\/div>\n\n<style type=\"text\/css\" data-created_by=\"avia_inline_auto\" id=\"style-css-av-dv9y4-52d92c8ad2b263c986be3639e81d872b\">\n.flex_column.av-dv9y4-52d92c8ad2b263c986be3639e81d872b{\nborder-radius:0px 0px 0px 0px;\npadding:0px 0px 0px 0px;\n}\n<\/style>\n<div  class='flex_column av-dv9y4-52d92c8ad2b263c986be3639e81d872b av_one_third  avia-builder-el-3  el_after_av_hr  el_before_av_two_third  first av-break-at-tablet flex_column_div av-hide-on-mobile av-zero-column-padding  '     ><style type=\"text\/css\" data-created_by=\"avia_inline_auto\" id=\"style-css-av-b8bqk-fdbc58897ef42b860ef0707b6e0664a9\">\n.avia-image-container.av-b8bqk-fdbc58897ef42b860ef0707b6e0664a9 img.avia_image{\nbox-shadow:none;\n}\n.avia-image-container.av-b8bqk-fdbc58897ef42b860ef0707b6e0664a9 .av-image-caption-overlay-center{\ncolor:#ffffff;\n}\n<\/style>\n<div  class='avia-image-container av-b8bqk-fdbc58897ef42b860ef0707b6e0664a9 av-styling- avia-align-center  avia-builder-el-4  avia-builder-el-no-sibling  av-medium-hide av-small-hide av-mini-hide'   itemprop=\"image\" itemscope=\"itemscope\" itemtype=\"https:\/\/schema.org\/ImageObject\" ><div class=\"avia-image-container-inner\"><div class=\"avia-image-overlay-wrap\"><img decoding=\"async\" fetchpriority=\"high\" class='wp-image-798 avia-img-lazy-loading-not-798 avia_image ' src=\"https:\/\/lungenchirurgie.at\/wp-content\/uploads\/sites\/18\/2021\/04\/leistungen3.jpg\" alt='' title='leistungen'  height=\"1000\" width=\"1000\"  itemprop=\"thumbnailUrl\" srcset=\"https:\/\/lungenchirurgie.at\/wp-content\/uploads\/sites\/18\/2021\/04\/leistungen3.jpg 1000w, https:\/\/lungenchirurgie.at\/wp-content\/uploads\/sites\/18\/2021\/04\/leistungen3-300x300.jpg 300w, https:\/\/lungenchirurgie.at\/wp-content\/uploads\/sites\/18\/2021\/04\/leistungen3-80x80.jpg 80w, https:\/\/lungenchirurgie.at\/wp-content\/uploads\/sites\/18\/2021\/04\/leistungen3-768x768.jpg 768w, https:\/\/lungenchirurgie.at\/wp-content\/uploads\/sites\/18\/2021\/04\/leistungen3-36x36.jpg 36w, https:\/\/lungenchirurgie.at\/wp-content\/uploads\/sites\/18\/2021\/04\/leistungen3-180x180.jpg 180w, https:\/\/lungenchirurgie.at\/wp-content\/uploads\/sites\/18\/2021\/04\/leistungen3-705x705.jpg 705w\" sizes=\"(max-width: 1000px) 100vw, 1000px\" \/><\/div><\/div><\/div><\/div>\n\n<style type=\"text\/css\" data-created_by=\"avia_inline_auto\" id=\"style-css-av-kt4jo-df5f1718d5547b2b3b4b1adb155ac009\">\n.flex_column.av-kt4jo-df5f1718d5547b2b3b4b1adb155ac009{\nborder-radius:0px 0px 0px 0px;\npadding:0px 0px 0px 0px;\n}\n<\/style>\n<div  class='flex_column av-kt4jo-df5f1718d5547b2b3b4b1adb155ac009 av_two_third  avia-builder-el-5  el_after_av_one_third  el_before_av_section  avia-builder-el-last  av-break-at-tablet flex_column_div av-zero-column-padding  '     ><p>\n<style type=\"text\/css\" data-created_by=\"avia_inline_auto\" id=\"style-css-av-kovtmg5g-281f24ca7098f5dbb4bdae4842c4a922\">\n#top .av-special-heading.av-kovtmg5g-281f24ca7098f5dbb4bdae4842c4a922{\npadding-bottom:10px;\n}\nbody .av-special-heading.av-kovtmg5g-281f24ca7098f5dbb4bdae4842c4a922 .av-special-heading-tag .heading-char{\nfont-size:25px;\n}\n.av-special-heading.av-kovtmg5g-281f24ca7098f5dbb4bdae4842c4a922 .av-subheading{\nfont-size:15px;\n}\n<\/style>\n<div  class='av-special-heading av-kovtmg5g-281f24ca7098f5dbb4bdae4842c4a922 av-special-heading-h2 blockquote modern-quote  avia-builder-el-6  el_before_av_textblock  avia-builder-el-first '><h2 class='av-special-heading-tag '  itemprop=\"headline\"  >Najmodernej\u0161ie diagnostick\u00e9 a terapeutick\u00e9 postupy<\/h2><div class=\"special-heading-border\"><div class=\"special-heading-inner-border\"><\/div><\/div><\/div><br \/>\n<section  class='av_textblock_section av-kohk34og-d806974602f761e745362a0c33596ced '   itemscope=\"itemscope\" itemtype=\"https:\/\/schema.org\/CreativeWork\" ><div class='avia_textblock'  itemprop=\"text\" ><p style=\"text-align: left;\" align=\"justify\">Najmodernej\u0161ie diagnostick\u00e9 a terapeutick\u00e9 postupy V\u010faka na\u0161ej dlhoro\u010dnej \u010dinnosti v Torak\u00e1lnom centre kliniky Floridsdorf vo Viedni pon\u00fakame najmodernej\u0161ie diagnostick\u00e9 a terapeutick\u00e9 postupy v oblasti p\u013e\u00facnej chirurgie a chirurgickej torak\u00e1lnej onkol\u00f3gie. \u010ealej disponujeme \u0161irokou sie\u0165ou uzn\u00e1van\u00fdch \u0161pecialistov a spolupracuj\u00facich partnerov.<\/p>\n<\/div><\/section><br \/>\n\n<style type=\"text\/css\" data-created_by=\"avia_inline_auto\" id=\"style-css-av-kovtnah5-06abf46531a33e3a610afbeb35090ebf\">\n#top .av-special-heading.av-kovtnah5-06abf46531a33e3a610afbeb35090ebf{\npadding-bottom:10px;\n}\nbody .av-special-heading.av-kovtnah5-06abf46531a33e3a610afbeb35090ebf .av-special-heading-tag .heading-char{\nfont-size:25px;\n}\n.av-special-heading.av-kovtnah5-06abf46531a33e3a610afbeb35090ebf .av-subheading{\nfont-size:15px;\n}\n<\/style>\n<div  class='av-special-heading av-kovtnah5-06abf46531a33e3a610afbeb35090ebf av-special-heading-h2 blockquote modern-quote  avia-builder-el-8  el_after_av_textblock  el_before_av_textblock '><h2 class='av-special-heading-tag '  itemprop=\"headline\"  >podrobn\u00e9 poradenstvo <\/h2><div class=\"special-heading-border\"><div class=\"special-heading-inner-border\"><\/div><\/div><\/div><br \/>\n<section  class='av_textblock_section av-kovtno8x-15f554fcd250bf3125400921a6627bbb '   itemscope=\"itemscope\" itemtype=\"https:\/\/schema.org\/CreativeWork\" ><div class='avia_textblock'  itemprop=\"text\" ><p style=\"text-align: left;\" align=\"justify\">V na\u0161ej s\u00fakromnej ordin\u00e1cii v\u00e1m podrobne porad\u00edme so v\u0161etk\u00fdmi va\u0161imi ot\u00e1zkami a po\u017eiadavkami. <span data-olk-copy-source=\"MessageBody\">Taktie\u017e pon\u00fakame mo\u017enos\u0165 druh\u00e9ho lek\u00e1rskeho n\u00e1zoru pre pacientov zo zahrani\u010dia, najm\u00e4 zo Slovenska a Ma\u010farska. Komunik\u00e1cia prebieha v nemeckom, slovenskom a anglickom jazyku.<\/span><\/p>\n<p style=\"text-align: left;\" align=\"justify\">Pre \u0161peci\u00e1lne vy\u0161etrenia v\u00e1s odporu\u010d\u00edme na\u0161im lek\u00e1rskym partnerom v okrese Neusiedl am See alebo vo Viedni. Oper\u00e1cie m\u00f4\u017eu prebieha\u0165 v hrudnom centre kliniky Floridsdorf alebo v s\u00fakromnej nemocnici vo Viedni.<\/p>\n<\/div><\/section><\/p><\/div><\/div><\/div><\/div><!-- close content main div --><\/div><\/div>\n<style type=\"text\/css\" data-created_by=\"avia_inline_auto\" id=\"style-css-av-ko420acu-ce6097dec31660cc3a7022645662a6bf\">\n.avia-section.av-ko420acu-ce6097dec31660cc3a7022645662a6bf{\nbackground-color:#cdeafa;\nbackground-image:unset;\nmargin-top:40px;\nmargin-bottom:40px;\n}\n<\/style>\n<div id='av_section_2'  class='avia-section av-ko420acu-ce6097dec31660cc3a7022645662a6bf main_color avia-section-default avia-no-border-styling  avia-builder-el-10  el_after_av_two_third  el_before_av_section  avia-bg-style-scroll container_wrap fullsize'  ><div class='container av-section-cont-open' ><div class='template-page content  av-content-full alpha units'><div class='post-entry post-entry-type-page post-entry-864'><div class='entry-content-wrapper clearfix'>\n<div class='flex_column_table av-ko4204ej-76545eb21b0cc1e3d03d20e431b8140f sc-av_two_third av-break-at-tablet-flextable av-equal-height-column-flextable'>\n<style type=\"text\/css\" data-created_by=\"avia_inline_auto\" id=\"style-css-av-ko4204ej-76545eb21b0cc1e3d03d20e431b8140f\">\n.flex_column.av-ko4204ej-76545eb21b0cc1e3d03d20e431b8140f{\nborder-radius:0px 0px 0px 0px;\npadding:20px 40px 0px 40px;\nbackground-color:#ffffff;\n}\n<\/style>\n<div  class='flex_column av-ko4204ej-76545eb21b0cc1e3d03d20e431b8140f av_two_third  avia-builder-el-11  el_before_av_one_third  avia-builder-el-first  first no_margin av-break-at-tablet flex_column_table_cell av-equal-height-column av-align-middle  '     ><p>\n<style type=\"text\/css\" data-created_by=\"avia_inline_auto\" id=\"style-css-av-1rjuu4-84283a9370ba05c84b8b5e1fffc6805b\">\n#top .av-special-heading.av-1rjuu4-84283a9370ba05c84b8b5e1fffc6805b{\npadding-bottom:10px;\n}\nbody .av-special-heading.av-1rjuu4-84283a9370ba05c84b8b5e1fffc6805b .av-special-heading-tag .heading-char{\nfont-size:25px;\n}\n.av-special-heading.av-1rjuu4-84283a9370ba05c84b8b5e1fffc6805b .av-subheading{\nfont-size:15px;\n}\n<\/style>\n<div  class='av-special-heading av-1rjuu4-84283a9370ba05c84b8b5e1fffc6805b av-special-heading-h2 blockquote modern-quote  avia-builder-el-12  el_before_av_textblock  avia-builder-el-first '><h2 class='av-special-heading-tag '  itemprop=\"headline\"  >Rakovina p\u013e\u00fac<\/h2><div class=\"special-heading-border\"><div class=\"special-heading-inner-border\"><\/div><\/div><\/div><br \/>\n<section  class='av_textblock_section av-1ko4mk-6bb31cabb84f7b8e3f253d81ff690597 '   itemscope=\"itemscope\" itemtype=\"https:\/\/schema.org\/CreativeWork\" ><div class='avia_textblock'  itemprop=\"text\" ><p>Rakovina p\u013e\u00fac patr\u00ed medzi naj\u010dastej\u0161ie druhy rakoviny v Rak\u00fasku a m\u00f4\u017ee postihn\u00fa\u0165 \u017eeny aj mu\u017eov v\u0161etk\u00fdch vekov\u00fdch skup\u00edn. Diagnostika a terapia urobili v posledn\u00fdch rokoch ve\u013ek\u00e9 pokroky a dnes s\u00fa prisp\u00f4soben\u00e9 individu\u00e1lnym potreb\u00e1m pacientov. V\u010faka na\u0161ej dlhoro\u010dnej \u010dinnosti v tejto oblasti v\u00e1m m\u00f4\u017eeme poradi\u0165 oh\u013eadom v\u0161etk\u00fdch modern\u00fdch diagnostick\u00fdch a terapeutick\u00fdch postupov.<\/p>\n<p>Medzi na\u0161e \u0161pecializovan\u00e9 oblasti patr\u00ed:<\/p>\n<ul>\n<li>Prevencia a n\u00e1sledn\u00e1 starostlivos\u0165,<\/li>\n<li>kompletn\u00e9 diagnostick\u00e9 vy\u0161etrenia,<\/li>\n<li>minim\u00e1lne invaz\u00edvna (\u0161etrn\u00e1) chirurgia.<\/li>\n<\/ul>\n<\/div><\/section><\/p><\/div>\n<style type=\"text\/css\" data-created_by=\"avia_inline_auto\" id=\"style-css-av-kohl58da-92ef5e94fe41d9511f65c2fb0b30e7b7\">\n.flex_column.av-kohl58da-92ef5e94fe41d9511f65c2fb0b30e7b7{\nborder-radius:0px 0px 0px 0px;\npadding:0px 0px 0px 0px;\n}\n<\/style>\n<div  class='flex_column av-kohl58da-92ef5e94fe41d9511f65c2fb0b30e7b7 av_one_third  avia-builder-el-14  el_after_av_two_third  avia-builder-el-last  no_margin av-break-at-tablet flex_column_table_cell av-equal-height-column av-align-middle av-zero-column-padding  '     ><style type=\"text\/css\" data-created_by=\"avia_inline_auto\" id=\"style-css-av-7wu1g-317f941d976bdce05525730964058d62\">\n.avia-image-container.av-7wu1g-317f941d976bdce05525730964058d62 img.avia_image{\nbox-shadow:none;\n}\n.avia-image-container.av-7wu1g-317f941d976bdce05525730964058d62 .av-image-caption-overlay-center{\ncolor:#ffffff;\n}\n<\/style>\n<div  class='avia-image-container av-7wu1g-317f941d976bdce05525730964058d62 av-styling- avia-align-center  avia-builder-el-15  avia-builder-el-no-sibling '   itemprop=\"image\" itemscope=\"itemscope\" itemtype=\"https:\/\/schema.org\/ImageObject\" ><div class=\"avia-image-container-inner\"><div class=\"avia-image-overlay-wrap\"><img decoding=\"async\" fetchpriority=\"high\" class='wp-image-792 avia-img-lazy-loading-not-792 avia_image ' src=\"https:\/\/lungenchirurgie.at\/wp-content\/uploads\/sites\/18\/2021\/04\/leistungen.jpg\" alt='' title='leistungen'  height=\"1000\" width=\"1000\"  itemprop=\"thumbnailUrl\" srcset=\"https:\/\/lungenchirurgie.at\/wp-content\/uploads\/sites\/18\/2021\/04\/leistungen.jpg 1000w, https:\/\/lungenchirurgie.at\/wp-content\/uploads\/sites\/18\/2021\/04\/leistungen-300x300.jpg 300w, https:\/\/lungenchirurgie.at\/wp-content\/uploads\/sites\/18\/2021\/04\/leistungen-80x80.jpg 80w, https:\/\/lungenchirurgie.at\/wp-content\/uploads\/sites\/18\/2021\/04\/leistungen-768x768.jpg 768w, https:\/\/lungenchirurgie.at\/wp-content\/uploads\/sites\/18\/2021\/04\/leistungen-36x36.jpg 36w, https:\/\/lungenchirurgie.at\/wp-content\/uploads\/sites\/18\/2021\/04\/leistungen-180x180.jpg 180w, https:\/\/lungenchirurgie.at\/wp-content\/uploads\/sites\/18\/2021\/04\/leistungen-705x705.jpg 705w\" sizes=\"(max-width: 1000px) 100vw, 1000px\" \/><\/div><\/div><\/div><\/div><\/div><!--close column table wrapper. Autoclose: 1 -->\n<\/p>\n<\/div><\/div><\/div><!-- close content main div --><\/div><\/div>\n<style type=\"text\/css\" data-created_by=\"avia_inline_auto\" id=\"style-css-av-4k7g4-23da0b1aaf7ad17fd847e4731e0141d4\">\n.avia-section.av-4k7g4-23da0b1aaf7ad17fd847e4731e0141d4{\nmargin-top:40px;\nmargin-bottom:40px;\n}\n<\/style>\n<div id='av_section_3'  class='avia-section av-4k7g4-23da0b1aaf7ad17fd847e4731e0141d4 main_color avia-section-default avia-no-border-styling  avia-builder-el-16  el_after_av_section  el_before_av_section  avia-bg-style-scroll container_wrap fullsize'  ><div class='container av-section-cont-open' ><div class='template-page content  av-content-full alpha units'><div class='post-entry post-entry-type-page post-entry-864'><div class='entry-content-wrapper clearfix'>\n<div class='flex_column_table av-ko42azjl-8705809371921b6a5abb8cdc036b664b sc-av_two_third av-break-at-tablet-flextable av-equal-height-column-flextable'>\n<style type=\"text\/css\" data-created_by=\"avia_inline_auto\" id=\"style-css-av-ko42azjl-8705809371921b6a5abb8cdc036b664b\">\n.flex_column.av-ko42azjl-8705809371921b6a5abb8cdc036b664b{\nborder-radius:0px 0px 0px 0px;\npadding:40px 40px 0px 40px;\nbackground-color:#cdeafa;\n}\n<\/style>\n<div  class='flex_column av-ko42azjl-8705809371921b6a5abb8cdc036b664b av_two_third  avia-builder-el-17  el_before_av_one_third  avia-builder-el-first  first no_margin av-break-at-tablet flex_column_table_cell av-equal-height-column av-align-middle  '     ><p>\n<style type=\"text\/css\" data-created_by=\"avia_inline_auto\" id=\"style-css-av-121o1w-d0d64e0ca0b84cb5162710c9a51b88c1\">\n#top .av-special-heading.av-121o1w-d0d64e0ca0b84cb5162710c9a51b88c1{\npadding-bottom:10px;\n}\nbody .av-special-heading.av-121o1w-d0d64e0ca0b84cb5162710c9a51b88c1 .av-special-heading-tag .heading-char{\nfont-size:25px;\n}\n.av-special-heading.av-121o1w-d0d64e0ca0b84cb5162710c9a51b88c1 .av-subheading{\nfont-size:15px;\n}\n<\/style>\n<div  class='av-special-heading av-121o1w-d0d64e0ca0b84cb5162710c9a51b88c1 av-special-heading-h2 blockquote modern-quote  avia-builder-el-18  el_before_av_textblock  avia-builder-el-first '><h2 class='av-special-heading-tag '  itemprop=\"headline\"  >\u010eal\u0161ie \u0161pecializovan\u00e9 oblasti<\/h2><div class=\"special-heading-border\"><div class=\"special-heading-inner-border\"><\/div><\/div><\/div><br \/>\n<section  class='av_textblock_section av-ziap8-83260c9211173f553ef37f0cbc831cd8 '   itemscope=\"itemscope\" itemtype=\"https:\/\/schema.org\/CreativeWork\" ><div class='avia_textblock'  itemprop=\"text\" ><p>Radi v\u00e1m poskytneme poradenstvo a o\u0161etrenie v nasleduj\u00facich \u0161pecializovan\u00fdch oblastiach:<\/p>\n<ul>\n<li>Vy\u0161etrenie p\u013e\u00facnych novotvarov a pohrudni\u010dn\u00fdch v\u00fdpotkov<\/li>\n<li>Metast\u00e1zy p\u013e\u00fac<\/li>\n<li>Pneumotorax<\/li>\n<li>Empy\u00e9m pohrudnice<\/li>\n<li>Emfyz\u00e9m p\u013e\u00fac<\/li>\n<li>Mediastin\u00e1lne lymfatick\u00e9 uzliny alebo n\u00e1dory<\/li>\n<li>Diagnostika a lie\u010dba mediastin\u00e1lnych lymfatick\u00fdch uzl\u00edn a n\u00e1dorov &#8211; najm\u00e4 tym\u00f3mov<\/li>\n<li>Chirurgick\u00e1 lie\u010dba myast\u00e9nie gravis<\/li>\n<li>Nadmern\u00e9 potenie r\u00fak (palm\u00e1rna hyperhidr\u00f3za)<\/li>\n<li>Chirurgick\u00e1 lie\u010dba vroden\u00fdch deform\u00edt hrudn\u00edka (pectus excavatum, pectus carinatum)<\/li>\n<\/ul>\n<\/div><\/section><\/p><\/div>\n<style type=\"text\/css\" data-created_by=\"avia_inline_auto\" id=\"style-css-av-rbi1o-394b27d95a6f32ed74bc63bf2be1c6b9\">\n.flex_column.av-rbi1o-394b27d95a6f32ed74bc63bf2be1c6b9{\nborder-radius:0px 0px 0px 0px;\npadding:0px 0px 0px 0px;\n}\n<\/style>\n<div  class='flex_column av-rbi1o-394b27d95a6f32ed74bc63bf2be1c6b9 av_one_third  avia-builder-el-20  el_after_av_two_third  avia-builder-el-last  no_margin av-break-at-tablet flex_column_table_cell av-equal-height-column av-align-middle av-zero-column-padding  '     ><style type=\"text\/css\" data-created_by=\"avia_inline_auto\" id=\"style-css-av-ko4273za-4150b0ce825c55f784d0e40744bfc5d3\">\n.avia-image-container.av-ko4273za-4150b0ce825c55f784d0e40744bfc5d3 img.avia_image{\nbox-shadow:none;\n}\n.avia-image-container.av-ko4273za-4150b0ce825c55f784d0e40744bfc5d3 .av-image-caption-overlay-center{\ncolor:#ffffff;\n}\n<\/style>\n<div  class='avia-image-container av-ko4273za-4150b0ce825c55f784d0e40744bfc5d3 av-styling- avia-align-center  avia-builder-el-21  avia-builder-el-no-sibling '   itemprop=\"image\" itemscope=\"itemscope\" itemtype=\"https:\/\/schema.org\/ImageObject\" ><div class=\"avia-image-container-inner\"><div class=\"avia-image-overlay-wrap\"><img decoding=\"async\" fetchpriority=\"high\" class='wp-image-796 avia-img-lazy-loading-not-796 avia_image ' src=\"https:\/\/lungenchirurgie.at\/wp-content\/uploads\/sites\/18\/2021\/04\/leistungen2.jpg\" alt='' title='OP'  height=\"1000\" width=\"1000\"  itemprop=\"thumbnailUrl\" srcset=\"https:\/\/lungenchirurgie.at\/wp-content\/uploads\/sites\/18\/2021\/04\/leistungen2.jpg 1000w, https:\/\/lungenchirurgie.at\/wp-content\/uploads\/sites\/18\/2021\/04\/leistungen2-300x300.jpg 300w, https:\/\/lungenchirurgie.at\/wp-content\/uploads\/sites\/18\/2021\/04\/leistungen2-80x80.jpg 80w, https:\/\/lungenchirurgie.at\/wp-content\/uploads\/sites\/18\/2021\/04\/leistungen2-768x768.jpg 768w, https:\/\/lungenchirurgie.at\/wp-content\/uploads\/sites\/18\/2021\/04\/leistungen2-36x36.jpg 36w, https:\/\/lungenchirurgie.at\/wp-content\/uploads\/sites\/18\/2021\/04\/leistungen2-180x180.jpg 180w, https:\/\/lungenchirurgie.at\/wp-content\/uploads\/sites\/18\/2021\/04\/leistungen2-705x705.jpg 705w\" sizes=\"(max-width: 1000px) 100vw, 1000px\" \/><\/div><\/div><\/div><\/div><\/div><!--close column table wrapper. Autoclose: 1 -->\n\n<\/div><\/div><\/div><!-- close content main div --><\/div><\/div>\n<style type=\"text\/css\" data-created_by=\"avia_inline_auto\" id=\"style-css-av-ko423gjd-837c75bd89a9224b9c8ae8fc3ff283c6\">\n.avia-section.av-ko423gjd-837c75bd89a9224b9c8ae8fc3ff283c6{\nbackground-color:#cdeafa;\nbackground-image:unset;\nmargin-top:40px;\nmargin-bottom:0px;\n}\n<\/style>\n<div id='av_section_4'  class='avia-section av-ko423gjd-837c75bd89a9224b9c8ae8fc3ff283c6 main_color avia-section-default avia-no-border-styling  avia-builder-el-22  el_after_av_section  avia-builder-el-last  avia-bg-style-scroll container_wrap fullsize'  ><div class='container av-section-cont-open' ><div class='template-page content  av-content-full alpha units'><div class='post-entry post-entry-type-page post-entry-864'><div class='entry-content-wrapper clearfix'>\n<div class='flex_column_table av-ko42b9mg-6b35f27a6bc74c55bd21705f9ab544cd sc-av_two_third av-break-at-tablet-flextable av-equal-height-column-flextable'>\n<style type=\"text\/css\" data-created_by=\"avia_inline_auto\" id=\"style-css-av-ko42b9mg-6b35f27a6bc74c55bd21705f9ab544cd\">\n.flex_column.av-ko42b9mg-6b35f27a6bc74c55bd21705f9ab544cd{\nborder-radius:0px 0px 0px 0px;\npadding:40px 40px 40px 40px;\nbackground-color:#ffffff;\n}\n<\/style>\n<div  class='flex_column av-ko42b9mg-6b35f27a6bc74c55bd21705f9ab544cd av_two_third  avia-builder-el-23  el_before_av_one_third  avia-builder-el-first  first no_margin av-break-at-tablet flex_column_table_cell av-equal-height-column av-align-middle  '     ><p>\n<style type=\"text\/css\" data-created_by=\"avia_inline_auto\" id=\"style-css-av-jaqzg-9c16d0414ca8077a3efb2869ad2bcacd\">\n#top .av-special-heading.av-jaqzg-9c16d0414ca8077a3efb2869ad2bcacd{\npadding-bottom:10px;\n}\nbody .av-special-heading.av-jaqzg-9c16d0414ca8077a3efb2869ad2bcacd .av-special-heading-tag .heading-char{\nfont-size:25px;\n}\n.av-special-heading.av-jaqzg-9c16d0414ca8077a3efb2869ad2bcacd .av-subheading{\nfont-size:15px;\n}\n<\/style>\n<div  class='av-special-heading av-jaqzg-9c16d0414ca8077a3efb2869ad2bcacd av-special-heading-h2 blockquote modern-quote  avia-builder-el-24  el_before_av_textblock  avia-builder-el-first '><h2 class='av-special-heading-tag '  itemprop=\"headline\"  >Inform\u00e1cie o s\u00fakromnej ordin\u00e1cii<\/h2><div class=\"special-heading-border\"><div class=\"special-heading-inner-border\"><\/div><\/div><\/div><br \/>\n<section  class='av_textblock_section av-1jax8-ab1face74605c7fd7acc9a1bad5b374e '   itemscope=\"itemscope\" itemtype=\"https:\/\/schema.org\/CreativeWork\" ><div class='avia_textblock'  itemprop=\"text\" ><p>S\u00fakromn\u00ed lek\u00e1ri pracuj\u00fa bez zml\u00fav s pois\u0165ov\u0148ami. To znamen\u00e1, \u017ee n\u00e1klady na konzult\u00e1ciu mus\u00edte spo\u010diatku uhradi\u0165 sami. Va\u0161a povinn\u00e1 zdravotn\u00e1 pois\u0165ov\u0148a v\u00e1m v\u0161ak m\u00f4\u017ee preplati\u0165 a\u017e 80% z pr\u00edslu\u0161n\u00e9ho tarifu pois\u0165ovne. Od n\u00e1s dostanete podrobn\u00fa fakt\u00faru vr\u00e1tane formul\u00e1ra na vr\u00e1tenie pe\u0148az\u00ed, ktor\u00fd m\u00f4\u017eete predlo\u017ei\u0165 va\u0161ej zdravotnej pois\u0165ovni.<\/p>\n<p>V na\u0161ej ordin\u00e1cii m\u00f4\u017eete plati\u0165 v hotovosti alebo pohodlne cez bankomat alebo kreditn\u00fa kartu.<\/p>\n<\/div><\/section><\/p><\/div>\n<style type=\"text\/css\" data-created_by=\"avia_inline_auto\" id=\"style-css-av-bsloc-72bf4786c8471797ca04ca35b67bec11\">\n.flex_column.av-bsloc-72bf4786c8471797ca04ca35b67bec11{\nborder-radius:0px 0px 0px 0px;\npadding:0px 0px 0px 0px;\n}\n<\/style>\n<div  class='flex_column av-bsloc-72bf4786c8471797ca04ca35b67bec11 av_one_third  avia-builder-el-26  el_after_av_two_third  avia-builder-el-last  no_margin av-break-at-tablet flex_column_table_cell av-equal-height-column av-align-middle av-zero-column-padding  '     ><style type=\"text\/css\" data-created_by=\"avia_inline_auto\" id=\"style-css-av-ko42882g-da24e76da2987ef9c574bd5f49e850cf\">\n.avia-image-container.av-ko42882g-da24e76da2987ef9c574bd5f49e850cf img.avia_image{\nbox-shadow:none;\n}\n.avia-image-container.av-ko42882g-da24e76da2987ef9c574bd5f49e850cf .av-image-caption-overlay-center{\ncolor:#ffffff;\n}\n<\/style>\n<div  class='avia-image-container av-ko42882g-da24e76da2987ef9c574bd5f49e850cf av-styling- avia-align-center  avia-builder-el-27  avia-builder-el-no-sibling '   itemprop=\"image\" itemscope=\"itemscope\" itemtype=\"https:\/\/schema.org\/ImageObject\" ><div class=\"avia-image-container-inner\"><div class=\"avia-image-overlay-wrap\"><img decoding=\"async\" fetchpriority=\"high\" class='wp-image-778 avia-img-lazy-loading-not-778 avia_image ' src=\"https:\/\/lungenchirurgie.at\/wp-content\/uploads\/sites\/18\/2021\/04\/kontakt_form.jpg\" alt='' title='contact form'  height=\"707\" width=\"611\"  itemprop=\"thumbnailUrl\" srcset=\"https:\/\/lungenchirurgie.at\/wp-content\/uploads\/sites\/18\/2021\/04\/kontakt_form.jpg 611w, https:\/\/lungenchirurgie.at\/wp-content\/uploads\/sites\/18\/2021\/04\/kontakt_form-259x300.jpg 259w, https:\/\/lungenchirurgie.at\/wp-content\/uploads\/sites\/18\/2021\/04\/kontakt_form-609x705.jpg 609w\" sizes=\"(max-width: 611px) 100vw, 611px\" \/><\/div><\/div><\/div><\/div><\/div><!--close column table wrapper. Autoclose: 1 -->\n\n","protected":false},"excerpt":{"rendered":"","protected":false},"author":3,"featured_media":790,"parent":0,"menu_order":0,"comment_status":"closed","ping_status":"closed","template":"","meta":{"footnotes":""},"class_list":["post-864","page","type-page","status-publish","has-post-thumbnail","hentry"],"_links":{"self":[{"href":"https:\/\/lungenchirurgie.at\/sk\/wp-json\/wp\/v2\/pages\/864","targetHints":{"allow":["GET"]}}],"collection":[{"href":"https:\/\/lungenchirurgie.at\/sk\/wp-json\/wp\/v2\/pages"}],"about":[{"href":"https:\/\/lungenchirurgie.at\/sk\/wp-json\/wp\/v2\/types\/page"}],"author":[{"embeddable":true,"href":"https:\/\/lungenchirurgie.at\/sk\/wp-json\/wp\/v2\/users\/3"}],"replies":[{"embeddable":true,"href":"https:\/\/lungenchirurgie.at\/sk\/wp-json\/wp\/v2\/comments?post=864"}],"version-history":[{"count":5,"href":"https:\/\/lungenchirurgie.at\/sk\/wp-json\/wp\/v2\/pages\/864\/revisions"}],"predecessor-version":[{"id":873,"href":"https:\/\/lungenchirurgie.at\/sk\/wp-json\/wp\/v2\/pages\/864\/revisions\/873"}],"wp:featuredmedia":[{"embeddable":true,"href":"https:\/\/lungenchirurgie.at\/sk\/wp-json\/wp\/v2\/media\/790"}],"wp:attachment":[{"href":"https:\/\/lungenchirurgie.at\/sk\/wp-json\/wp\/v2\/media?parent=864"}],"curies":[{"name":"wp","href":"https:\/\/api.w.org\/{rel}","templated":true}]}}